{"id":10026,"date":"2026-01-13T09:46:33","date_gmt":"2026-01-13T08:46:33","guid":{"rendered":"https:\/\/www.xclusive-automobile.com\/philosophie\/"},"modified":"2026-03-17T17:18:21","modified_gmt":"2026-03-17T16:18:21","slug":"philosophy","status":"publish","type":"page","link":"https:\/\/www.xclusive-automobile.com\/en\/philosophy\/","title":{"rendered":"PHILOSOPHY"},"content":{"rendered":"<section class=\"l-section wpb_row us_custom_d4bedd7f height_custom with_slider\"><div class=\"l-section-slider\"><div class=\"w-slider style_none fit_cover nav_none count_4\"><div class=\"w-slider-h\" aria-hidden=\"true\"><div class=\"royalSlider\"><div class=\"rsContent\"><a class=\"rsImg\" data-rsw=\"1920\" data-rsh=\"1280\" href=\"https:\/\/www.xclusive-automobile.com\/wp-content\/uploads\/2026\/03\/xclusive-automobile-Isdera-Imperator-02x2-1920x1280-1.jpg\"><span data-alt=\"\"><\/span><\/a><\/div><div class=\"rsContent\"><a class=\"rsImg\" data-rsw=\"1920\" data-rsh=\"1280\" href=\"https:\/\/www.xclusive-automobile.com\/wp-content\/uploads\/2026\/01\/xclusive-automobile-MB-SL-300-1920x1280-1.jpg\"><span data-alt=\"\"><\/span><\/a><\/div><div class=\"rsContent\"><a class=\"rsImg\" data-rsw=\"1920\" data-rsh=\"1280\" href=\"https:\/\/www.xclusive-automobile.com\/wp-content\/uploads\/2026\/02\/xclusive-automobile-porsche-911-CarreraSxx-4-1920x1280-3.jpg\"><span data-alt=\"\"><\/span><\/a><\/div><div class=\"rsContent\"><a class=\"rsImg\" data-rsw=\"1920\" data-rsh=\"1280\" href=\"https:\/\/www.xclusive-automobile.com\/wp-content\/uploads\/2026\/01\/xclusive-automobile-MB-EVO-1920x1280-1.jpg\"><span data-alt=\"\"><\/span><\/a><\/div><\/div><img decoding=\"async\" src=\"https:\/\/www.xclusive-automobile.com\/wp-content\/uploads\/2026\/03\/xclusive-automobile-Isdera-Imperator-02x2-1920x1280-1.jpg\" width=\"1920\" height=\"1280\" alt loading=\"lazy\"><\/div><div class=\"w-slider-json\" onclick='return {&quot;autoScaleSlider&quot;:true,&quot;addActiveClass&quot;:true,&quot;loop&quot;:true,&quot;fadeInLoadedSlide&quot;:false,&quot;slidesSpacing&quot;:0,&quot;imageScalePadding&quot;:0,&quot;numImagesToPreload&quot;:2,&quot;arrowsNav&quot;:false,&quot;arrowsNavAutoHide&quot;:false,&quot;transitionType&quot;:&quot;fade&quot;,&quot;transitionSpeed&quot;:1000,&quot;block&quot;:{&quot;moveEffect&quot;:&quot;none&quot;,&quot;speed&quot;:300},&quot;thumbs&quot;:{&quot;fitInViewport&quot;:false,&quot;firstMargin&quot;:false,&quot;spacing&quot;:4},&quot;controlNavigation&quot;:&quot;none&quot;,&quot;autoplay&quot;:{&quot;enabled&quot;:true,&quot;pauseOnHover&quot;:false,&quot;delay&quot;:3000},&quot;autoScaleSliderWidth&quot;:1920,&quot;autoScaleSliderHeight&quot;:1280}'><\/div><\/div><\/div><div class=\"l-section-h i-cf\"><div class=\"g-cols vc_row via_grid cols_1 laptops-cols_inherit tablets-cols_inherit mobiles-cols_1 valign_middle type_default stacking_default\"><div class=\"wpb_column vc_column_container\"><div class=\"vc_column-inner\"><div class=\"g-cols wpb_row via_grid cols_1 laptops-cols_inherit tablets-cols_inherit mobiles-cols_1 valign_top type_default stacking_default\" style=\"--columns-gap:3rem;\"><div class=\"wpb_column vc_column_container\"><div class=\"vc_column-inner\"><div class=\"w-separator size_large\"><\/div><\/div><\/div><\/div><\/div><\/div><\/div><\/div><\/section><section class=\"l-section wpb_row us_custom_37236190 us_animate_this height_custom\" id=\"home-first\"><div class=\"l-section-overlay\" style=\"background:linear-gradient(0deg, rgba(0,0,0,.1) 0%,rgba(0,0,0,0) 30%)\"><\/div><div class=\"l-section-h i-cf\"><div class=\"g-cols vc_row via_grid cols_1 laptops-cols_inherit tablets-cols_inherit mobiles-cols_1 valign_top type_default stacking_default\"><div class=\"wpb_column vc_column_container\"><div class=\"vc_column-inner\"><h1 class=\"w-text us_custom_eb849559\"><span class=\"w-text-h\"><span class=\"w-text-value\">OUR PHILOSOPHY<\/span><\/span><\/h1><div class=\"w-separator size_medium with_line width_30 thick_4 style_solid color_border align_center\"><div class=\"w-separator-h\"><\/div><\/div><div class=\"wpb_text_column us_custom_5fdafda3\"><div class=\"wpb_wrapper\"><p style=\"text-align: center;\">Since 2006, we have been offering our expertise in the field of high-quality premium class vehicles. We focus our attention on young luxury vehicles and high-quality modern classics in exceptionally good condition.<\/p>\n<p style=\"text-align: center;\">From sporty roadsters and tasteful coup\u00e9s to elegant saloons, we offer our valued customers at home and abroad a small but fine range of exquisite top-of-the-range vehicles at reasonable prices. &#8220;Quality over quantity&#8221; is our motto, which we strive to live up to every day.<\/p>\n<p style=\"text-align: center;\">Complete histories, traceable service records and an impeccable appearance of the vehicles are the be-all and end-all of our offering. For us, reliability and discretion are not just nice words, but are part of our daily work, just like the key and the service book for your dream car.<\/p>\n<\/div><\/div><div class=\"w-separator size_medium\"><\/div><\/div><\/div><\/div><\/div><\/section><section class=\"l-section wpb_row us_custom_e33a8179 us_animate_this height_custom\"><div class=\"l-section-h i-cf\"><div class=\"g-cols vc_row via_grid cols_1 laptops-cols_inherit tablets-cols_inherit mobiles-cols_1 valign_top type_default stacking_default\"><div class=\"wpb_column vc_column_container\"><div class=\"vc_column-inner\"><div class=\"w-image us_custom_b86d0c4a style_circle align_center\"><div class=\"w-image-h\"><img decoding=\"async\" width=\"1200\" height=\"1200\" src=\"https:\/\/www.xclusive-automobile.com\/wp-content\/uploads\/2026\/02\/xclusive-automobile-khr-002.jpg\" class=\"attachment-full size-full\" alt=\"\" loading=\"lazy\" srcset=\"https:\/\/www.xclusive-automobile.com\/wp-content\/uploads\/2026\/02\/xclusive-automobile-khr-002.jpg 1200w, https:\/\/www.xclusive-automobile.com\/wp-content\/uploads\/2026\/02\/xclusive-automobile-khr-002-300x300.jpg 300w, https:\/\/www.xclusive-automobile.com\/wp-content\/uploads\/2026\/02\/xclusive-automobile-khr-002-1024x1024.jpg 1024w, https:\/\/www.xclusive-automobile.com\/wp-content\/uploads\/2026\/02\/xclusive-automobile-khr-002-150x150.jpg 150w\" sizes=\"auto, (max-width: 1200px) 100vw, 1200px\" \/><\/div><\/div><div class=\"w-separator size_small\"><\/div><div class=\"wpb_text_column\"><div class=\"wpb_wrapper\"><p style=\"text-align: center;\"><strong>Karlheinz Retsch<\/strong><br \/>\nOwner XCLUSIVE AUTOMOBILE<\/p>\n<\/div><\/div><div class=\"w-image us_custom_fffb7226 align_center\"><div class=\"w-image-h\"><img decoding=\"async\" width=\"1354\" height=\"323\" src=\"https:\/\/www.xclusive-automobile.com\/wp-content\/uploads\/2026\/02\/xclusive-automobile-khr-sig-001.jpeg\" class=\"attachment-full size-full\" alt=\"\" loading=\"lazy\" srcset=\"https:\/\/www.xclusive-automobile.com\/wp-content\/uploads\/2026\/02\/xclusive-automobile-khr-sig-001.jpeg 1354w, https:\/\/www.xclusive-automobile.com\/wp-content\/uploads\/2026\/02\/xclusive-automobile-khr-sig-001-300x72.jpeg 300w, https:\/\/www.xclusive-automobile.com\/wp-content\/uploads\/2026\/02\/xclusive-automobile-khr-sig-001-1024x244.jpeg 1024w\" sizes=\"auto, (max-width: 1354px) 100vw, 1354px\" \/><\/div><\/div><\/div><\/div><\/div><\/div><\/section><section class=\"l-section wpb_row height_auto\"><div class=\"l-section-overlay\" style=\"background:linear-gradient(180deg, rgba(0,0,0,.1) 0%,rgba(0,0,0,0) 30%)\"><\/div><div class=\"l-section-h i-cf\"><div class=\"g-cols vc_row via_grid cols_1 laptops-cols_inherit tablets-cols_inherit mobiles-cols_1 valign_top type_default stacking_default\"><div class=\"wpb_column vc_column_container\"><div class=\"vc_column-inner\"><div class=\"w-separator size_small\"><\/div><section class=\"l-section wpb_row height_custom\" id=\"kontaktzeile-alle\"><div class=\"l-section-h i-cf\"><div class=\"g-cols vc_row via_grid cols_3 laptops-cols_inherit tablets-cols_inherit mobiles-cols_1 valign_top type_default stacking_default\"><div class=\"wpb_column vc_column_container us_custom_f04fee19 us_animate_this\"><div class=\"vc_column-inner\"><div class=\"w-iconbox us_custom_ed806da4 iconpos_top style_outlined color_primary align_center no_text no_title\"><a href=\"tel:+498274691224\" class=\"w-iconbox-link\" aria-label=\"fas|phone\"><div class=\"w-iconbox-icon\" style=\"font-size:3rem;\"><i class=\"fas fa-phone\"><\/i><\/div><\/a><div class=\"w-iconbox-meta\"><\/div><\/div><div class=\"w-separator size_custom\" style=\"height:1.2rem\"><\/div><div class=\"wpb_text_column us_custom_c83cfdd0 has_text_color\"><div class=\"wpb_wrapper\"><p style=\"text-align: center;\"><a href=\"tel:+498274691224\"><strong style=\"color: #333333;\">Phone<\/strong><br \/>\n<span style=\"color: #666666;\"> +49 (0) 8274 691224<\/span><\/a><\/p>\n<\/div><\/div><\/div><\/div><div class=\"wpb_column vc_column_container us_custom_f04fee19 us_animate_this\"><div class=\"vc_column-inner\"><div class=\"w-iconbox iconpos_top style_outlined color_custom align_center no_text no_title\"><a target=\"_blank\" rel=\"nofollow\" href=\"mailto:info@xclusive-automobile.com?subject=Inquiry \u2013 Xclusive Automobile\" class=\"w-iconbox-link\" aria-label=\"fas|envelope\"><div class=\"w-iconbox-icon\" style=\"font-size:3rem;--icon-color:#a4a5a5;--icon-bg-color:var(--color-content-secondary);\"><i class=\"fas fa-envelope\"><\/i><\/div><\/a><div class=\"w-iconbox-meta\"><\/div><\/div><div class=\"w-separator size_custom\" style=\"height:1.2rem\"><\/div><div class=\"wpb_text_column us_custom_eae25897 has_text_color\"><div class=\"wpb_wrapper\"><p style=\"text-align: center;\"><a style=\"color: #333333;\" href=\"mailto:info@xclusive-automobile.com?subject=Inquiry%20\u2013%20Xclusive%20Automobile\" target=\"_blank\" rel=\"noopener\"><strong>E-Mail<\/strong><br \/>\n<span style=\"color: #666666;\">info@xclusive-automobile.com<\/span><\/a><\/p>\n<\/div><\/div><\/div><\/div><div class=\"wpb_column vc_column_container us_custom_f04fee19 kontaktzeile_alle us_animate_this\"><div class=\"vc_column-inner\"><div class=\"w-iconbox iconpos_top style_outlined color_custom align_center no_text no_title\"><a target=\"_blank\" title=\"Kontakt\" href=\"https:\/\/wa.me\/491708665727\" class=\"w-iconbox-link\" aria-label=\"fas|comment\"><div class=\"w-iconbox-icon\" style=\"font-size:3rem;--icon-color:#a4a5a5;--icon-bg-color:var(--color-content-secondary);\"><i class=\"fas fa-comment\"><\/i><\/div><\/a><div class=\"w-iconbox-meta\"><\/div><\/div><div class=\"w-separator us_custom_bb5d73e8 size_custom\" style=\"height:1.2rem\"><\/div><div class=\"wpb_text_column us_custom_eae25897 kontaktzeile-alle has_text_color\"><div class=\"wpb_wrapper\"><p style=\"text-align: center;\"><a href=\"https:\/\/wa.me\/491708665727\" target=\"_blank\" rel=\"noopener\"><strong style=\"color: #333333;\">Whatsapp<\/strong><br \/>\n<span style=\"color: #666666;\"> +49 (0) 170 8665727<\/span><\/a><\/p>\n<\/div><\/div><\/div><\/div><\/div><\/div><\/section>\n<\/div><\/div><\/div><\/div><\/section>\n","protected":false},"excerpt":{"rendered":"OUR PHILOSOPHY Since 2006, we have been offering our expertise in the field of high-quality premium class vehicles. We focus our attention on young luxury vehicles and high-quality modern classics in exceptionally good condition. From sporty roadsters and tasteful coup\u00e9s to elegant saloons, we offer our valued customers at home and abroad a small but...","protected":false},"author":4,"featured_media":0,"parent":0,"menu_order":0,"comment_status":"closed","ping_status":"closed","template":"","meta":{"footnotes":""},"class_list":["post-10026","page","type-page","status-publish","hentry"],"yoast_head":"<!-- This site is optimized with the Yoast SEO plugin v27.4 - https:\/\/yoast.com\/product\/yoast-seo-wordpress\/ -->\n<title>PHILOSOPHY - Xclusive Automobile - Oldtimer, Youngtimer &amp; Collector Cars<\/title>\n<meta name=\"description\" content=\"Exklusive Premiumfahrzeuge, sowie sorgf\u00e4ltig ausgew\u00e4hlte Youngtimer und Oldtimer mit Historie Qualit\u00e4t und pers\u00f6nlichem Service.\" \/>\n<meta name=\"robots\" content=\"index, follow, max-snippet:-1, max-image-preview:large, max-video-preview:-1\" \/>\n<link rel=\"canonical\" href=\"https:\/\/www.xclusive-automobile.com\/en\/philosophy\/\" \/>\n<meta property=\"og:locale\" content=\"en_US\" \/>\n<meta property=\"og:type\" content=\"article\" \/>\n<meta property=\"og:title\" content=\"PHILOSOPHY - Xclusive Automobile - Oldtimer, Youngtimer &amp; Collector Cars\" \/>\n<meta property=\"og:description\" content=\"Exklusive Premiumfahrzeuge, sowie sorgf\u00e4ltig ausgew\u00e4hlte Youngtimer und Oldtimer mit Historie Qualit\u00e4t und pers\u00f6nlichem Service.\" \/>\n<meta property=\"og:url\" content=\"https:\/\/www.xclusive-automobile.com\/en\/philosophy\/\" \/>\n<meta property=\"og:site_name\" content=\"Xclusive Automobile - Oldtimer, Youngtimer &amp; Collector Cars\" \/>\n<meta property=\"article:modified_time\" content=\"2026-03-17T16:18:21+00:00\" \/>\n<meta name=\"twitter:card\" content=\"summary_large_image\" \/>\n<!-- \/ Yoast SEO plugin. -->","yoast_head_json":{"title":"PHILOSOPHY - Xclusive Automobile - Oldtimer, Youngtimer &amp; Collector Cars","description":"Exklusive Premiumfahrzeuge, sowie sorgf\u00e4ltig ausgew\u00e4hlte Youngtimer und Oldtimer mit Historie Qualit\u00e4t und pers\u00f6nlichem Service.","robots":{"index":"index","follow":"follow","max-snippet":"max-snippet:-1","max-image-preview":"max-image-preview:large","max-video-preview":"max-video-preview:-1"},"canonical":"https:\/\/www.xclusive-automobile.com\/en\/philosophy\/","og_locale":"en_US","og_type":"article","og_title":"PHILOSOPHY - Xclusive Automobile - Oldtimer, Youngtimer &amp; Collector Cars","og_description":"Exklusive Premiumfahrzeuge, sowie sorgf\u00e4ltig ausgew\u00e4hlte Youngtimer und Oldtimer mit Historie Qualit\u00e4t und pers\u00f6nlichem Service.","og_url":"https:\/\/www.xclusive-automobile.com\/en\/philosophy\/","og_site_name":"Xclusive Automobile - Oldtimer, Youngtimer &amp; Collector Cars","article_modified_time":"2026-03-17T16:18:21+00:00","twitter_card":"summary_large_image","schema":{"@context":"https:\/\/schema.org","@graph":[{"@type":"WebPage","@id":"https:\/\/www.xclusive-automobile.com\/en\/philosophy\/","url":"https:\/\/www.xclusive-automobile.com\/en\/philosophy\/","name":"PHILOSOPHY - Xclusive Automobile - Oldtimer, Youngtimer &amp; Collector Cars","isPartOf":{"@id":"https:\/\/www.xclusive-automobile.com\/en\/#website"},"datePublished":"2026-01-13T08:46:33+00:00","dateModified":"2026-03-17T16:18:21+00:00","description":"Exklusive Premiumfahrzeuge, sowie sorgf\u00e4ltig ausgew\u00e4hlte Youngtimer und Oldtimer mit Historie Qualit\u00e4t und pers\u00f6nlichem Service.","breadcrumb":{"@id":"https:\/\/www.xclusive-automobile.com\/en\/philosophy\/#breadcrumb"},"inLanguage":"en-US","potentialAction":[{"@type":"ReadAction","target":["https:\/\/www.xclusive-automobile.com\/en\/philosophy\/"]}]},{"@type":"BreadcrumbList","@id":"https:\/\/www.xclusive-automobile.com\/en\/philosophy\/#breadcrumb","itemListElement":[{"@type":"ListItem","position":1,"name":"Start","item":"https:\/\/www.xclusive-automobile.com\/en\/"},{"@type":"ListItem","position":2,"name":"PHILOSOPHY"}]},{"@type":"WebSite","@id":"https:\/\/www.xclusive-automobile.com\/en\/#website","url":"https:\/\/www.xclusive-automobile.com\/en\/","name":"Xclusive Automobile - Oldtimer, Youngtimer & Collector Cars","description":"","publisher":{"@id":"https:\/\/www.xclusive-automobile.com\/en\/#organization"},"potentialAction":[{"@type":"SearchAction","target":{"@type":"EntryPoint","urlTemplate":"https:\/\/www.xclusive-automobile.com\/en\/?s={search_term_string}"},"query-input":{"@type":"PropertyValueSpecification","valueRequired":true,"valueName":"search_term_string"}}],"inLanguage":"en-US"},{"@type":"Organization","@id":"https:\/\/www.xclusive-automobile.com\/en\/#organization","name":"Xclusive Automobile","url":"https:\/\/www.xclusive-automobile.com\/en\/","logo":{"@type":"ImageObject","inLanguage":"en-US","@id":"https:\/\/www.xclusive-automobile.com\/en\/#\/schema\/logo\/image\/","url":"https:\/\/www.xclusive-automobile.com\/wp-content\/uploads\/2026\/01\/XCLUSIVE-AUTOMOBILE-LOGO-WEB.png","contentUrl":"https:\/\/www.xclusive-automobile.com\/wp-content\/uploads\/2026\/01\/XCLUSIVE-AUTOMOBILE-LOGO-WEB.png","width":1209,"height":614,"caption":"Xclusive Automobile"},"image":{"@id":"https:\/\/www.xclusive-automobile.com\/en\/#\/schema\/logo\/image\/"}}]}},"_links":{"self":[{"href":"https:\/\/www.xclusive-automobile.com\/en\/wp-json\/wp\/v2\/pages\/10026","targetHints":{"allow":["GET"]}}],"collection":[{"href":"https:\/\/www.xclusive-automobile.com\/en\/wp-json\/wp\/v2\/pages"}],"about":[{"href":"https:\/\/www.xclusive-automobile.com\/en\/wp-json\/wp\/v2\/types\/page"}],"author":[{"embeddable":true,"href":"https:\/\/www.xclusive-automobile.com\/en\/wp-json\/wp\/v2\/users\/4"}],"replies":[{"embeddable":true,"href":"https:\/\/www.xclusive-automobile.com\/en\/wp-json\/wp\/v2\/comments?post=10026"}],"version-history":[{"count":14,"href":"https:\/\/www.xclusive-automobile.com\/en\/wp-json\/wp\/v2\/pages\/10026\/revisions"}],"predecessor-version":[{"id":11857,"href":"https:\/\/www.xclusive-automobile.com\/en\/wp-json\/wp\/v2\/pages\/10026\/revisions\/11857"}],"wp:attachment":[{"href":"https:\/\/www.xclusive-automobile.com\/en\/wp-json\/wp\/v2\/media?parent=10026"}],"curies":[{"name":"wp","href":"https:\/\/api.w.org\/{rel}","templated":true}]}}