{"id":10035,"date":"2026-01-12T15:34:35","date_gmt":"2026-01-12T14:34:35","guid":{"rendered":"https:\/\/www.xclusive-automobile.com\/service\/"},"modified":"2026-03-17T17:19:31","modified_gmt":"2026-03-17T16:19:31","slug":"service","status":"publish","type":"page","link":"https:\/\/www.xclusive-automobile.com\/en\/service\/","title":{"rendered":"SERVICE"},"content":{"rendered":"<section class=\"l-section wpb_row us_custom_d4bedd7f height_custom with_slider\"><div class=\"l-section-slider\"><div class=\"w-slider style_none fit_cover nav_none count_3\"><div class=\"w-slider-h\" aria-hidden=\"true\"><div class=\"royalSlider\"><div class=\"rsContent\"><a class=\"rsImg\" data-rsw=\"1920\" data-rsh=\"1280\" href=\"https:\/\/www.xclusive-automobile.com\/wp-content\/uploads\/2026\/01\/xclusive-automobile-MB-EVO-1920x1280-1.jpg\"><span data-alt=\"\"><\/span><\/a><\/div><div class=\"rsContent\"><a class=\"rsImg\" data-rsw=\"1920\" data-rsh=\"1280\" href=\"https:\/\/www.xclusive-automobile.com\/wp-content\/uploads\/2026\/02\/xclusive-automobile-Isdera-Imperator-01-1920x1280-4.jpg\"><span data-alt=\"\"><\/span><\/a><\/div><div class=\"rsContent\"><a class=\"rsImg\" data-rsw=\"1920\" data-rsh=\"1280\" href=\"https:\/\/www.xclusive-automobile.com\/wp-content\/uploads\/2026\/03\/xclusive-automobile-Isdera-Imperator-02x2-1920x1280-1.jpg\"><span data-alt=\"\"><\/span><\/a><\/div><\/div><img decoding=\"async\" src=\"https:\/\/www.xclusive-automobile.com\/wp-content\/uploads\/2026\/01\/xclusive-automobile-MB-EVO-1920x1280-1.jpg\" width=\"1920\" height=\"1280\" alt loading=\"lazy\"><\/div><div class=\"w-slider-json\" onclick='return {&quot;autoScaleSlider&quot;:true,&quot;addActiveClass&quot;:true,&quot;loop&quot;:true,&quot;fadeInLoadedSlide&quot;:false,&quot;slidesSpacing&quot;:0,&quot;imageScalePadding&quot;:0,&quot;numImagesToPreload&quot;:2,&quot;arrowsNav&quot;:false,&quot;arrowsNavAutoHide&quot;:false,&quot;transitionType&quot;:&quot;fade&quot;,&quot;transitionSpeed&quot;:1000,&quot;block&quot;:{&quot;moveEffect&quot;:&quot;none&quot;,&quot;speed&quot;:300},&quot;thumbs&quot;:{&quot;fitInViewport&quot;:false,&quot;firstMargin&quot;:false,&quot;spacing&quot;:4},&quot;controlNavigation&quot;:&quot;none&quot;,&quot;autoplay&quot;:{&quot;enabled&quot;:true,&quot;pauseOnHover&quot;:false,&quot;delay&quot;:3000},&quot;autoScaleSliderWidth&quot;:1920,&quot;autoScaleSliderHeight&quot;:1280}'><\/div><\/div><\/div><div class=\"l-section-h i-cf\"><div class=\"g-cols vc_row via_grid cols_1 laptops-cols_inherit tablets-cols_inherit mobiles-cols_1 valign_middle type_default stacking_default\"><div class=\"wpb_column vc_column_container\"><div class=\"vc_column-inner\"><div class=\"g-cols wpb_row via_grid cols_1 laptops-cols_inherit tablets-cols_inherit mobiles-cols_1 valign_top type_default stacking_default\" style=\"--columns-gap:3rem;\"><div class=\"wpb_column vc_column_container\"><div class=\"vc_column-inner\"><div class=\"w-separator size_large\"><\/div><\/div><\/div><\/div><\/div><\/div><\/div><\/div><\/section><section class=\"l-section wpb_row us_custom_37236190 us_animate_this height_custom\" id=\"home-first\"><div class=\"l-section-overlay\" style=\"background:linear-gradient(0deg, rgba(0,0,0,.1) 0%,rgba(0,0,0,0) 30%)\"><\/div><div class=\"l-section-h i-cf\"><div class=\"g-cols vc_row via_grid cols_1 laptops-cols_inherit tablets-cols_inherit mobiles-cols_1 valign_top type_default stacking_default\"><div class=\"wpb_column vc_column_container\"><div class=\"vc_column-inner\"><h1 class=\"w-text us_custom_eb849559\"><span class=\"w-text-h\"><span class=\"w-text-value\">OUR SERVICE FOR YOU<\/span><\/span><\/h1><div class=\"w-separator size_medium with_line width_30 thick_4 style_solid color_border align_center\"><div class=\"w-separator-h\"><\/div><\/div><div class=\"wpb_text_column us_custom_5fdafda3\"><div class=\"wpb_wrapper\"><p style=\"text-align: center;\">Experience comprehensive and personalised support for exclusive premium vehicles, modern classics and vintage cars. For many years, we have been assisting discerning customers in the UK and abroad with the purchase, sale and brokerage of high-quality automobiles. We attach great importance to transparent processes, expert advice and discreet handling.<\/p>\n<p style=\"text-align: center;\">From the initial enquiry and individual consultation to organisation, logistics, export and registration, we provide all services from a single source. Our established network, market knowledge and high quality standards form the basis for a trusting working relationship. Reliability, discretion and personal commitment are always at the heart of everything we do.<\/p>\n<\/div><\/div><\/div><\/div><\/div><\/div><\/section><section class=\"l-section wpb_row us_custom_e33a8179 us_animate_this height_custom\"><div class=\"l-section-h i-cf\"><div class=\"g-cols vc_row via_grid cols_1 laptops-cols_inherit tablets-cols_inherit mobiles-cols_1 valign_top type_default stacking_default\"><div class=\"wpb_column vc_column_container\"><div class=\"vc_column-inner\"><div class=\"w-separator size_small\"><\/div><div class=\"g-cols wpb_row via_grid cols_4 laptops-cols_inherit tablets-cols_inherit mobiles-cols_1 valign_top type_default stacking_default\" style=\"--columns-gap:3rem;\"><div class=\"wpb_column vc_column_container\"><div class=\"vc_column-inner\"><div class=\"w-iconbox iconpos_top style_default color_custom align_left\"><a href=\"#first\" class=\"w-iconbox-link\" aria-label=\"Vehicle sales &amp; vehicle brokerage\"><div class=\"w-iconbox-icon\" style=\"font-size:3.5rem;--icon-color:#a4a5a5;--icon-bg-color:var(--color-content-faded);\"><i class=\"fal fa-car\"><\/i><\/div><\/a><div class=\"w-iconbox-meta\"><h2 class=\"w-iconbox-title\" style=\"font-size:1.8rem;\"><a href=\"#first\" class=\"w-iconbox-link\" aria-label=\"Vehicle sales &amp; vehicle brokerage\">Vehicle sales &amp; vehicle brokerage<\/a><\/h2><div class=\"w-iconbox-text\"><p>We broker and sell exclusive luxury vehicles worldwide. We provide professional support from your initial enquiry through to delivery.<\/p>\n<\/div><\/div><\/div><\/div><\/div><div class=\"wpb_column vc_column_container\"><div class=\"vc_column-inner\"><div class=\"w-iconbox iconpos_top style_default color_custom align_left\"><a href=\"#second\" class=\"w-iconbox-link\" aria-label=\"Research &amp; vehicle search\"><div class=\"w-iconbox-icon\" style=\"font-size:3.5rem;--icon-color:#a4a5a5;--icon-bg-color:var(--color-content-secondary);\"><i class=\"fal fa-search\"><\/i><\/div><\/a><div class=\"w-iconbox-meta\"><h2 class=\"w-iconbox-title\" style=\"font-size:1.8rem;\"><a href=\"#second\" class=\"w-iconbox-link\" aria-label=\"Research &amp; vehicle search\">Research &amp; vehicle search<\/a><\/h2><div class=\"w-iconbox-text\"><p>Upon request, we will find and inspect your desired vehicle individually according to your specifications. Thanks to our network, you will have access to selected vehicles.<\/p>\n<\/div><\/div><\/div><\/div><\/div><div class=\"wpb_column vc_column_container\"><div class=\"vc_column-inner\"><div class=\"w-iconbox iconpos_top style_default color_custom align_left\"><a href=\"#third\" class=\"w-iconbox-link\" aria-label=\"Logistics, Export &amp; Approval\"><div class=\"w-iconbox-icon\" style=\"font-size:3.5rem;--icon-color:#a4a5a5;--icon-bg-color:var(--color-content-secondary);\"><i class=\"fal fa-warehouse\"><\/i><\/div><\/a><div class=\"w-iconbox-meta\"><h2 class=\"w-iconbox-title\" style=\"font-size:1.8rem;\"><a href=\"#third\" class=\"w-iconbox-link\" aria-label=\"Logistics, Export &amp; Approval\">Logistics, Export &amp; Approval<\/a><\/h2><div class=\"w-iconbox-text\"><p>We handle nationwide vehicle transport, registrations, net exports and the complete processing of customs and export formalities.<\/p>\n<\/div><\/div><\/div><\/div><\/div><div class=\"wpb_column vc_column_container\"><div class=\"vc_column-inner\"><div class=\"w-iconbox iconpos_top style_default color_custom align_left\"><a href=\"#fourth\" class=\"w-iconbox-link\" aria-label=\"Exclusive all-round service\"><div class=\"w-iconbox-icon\" style=\"font-size:3.5rem;--icon-color:#a4a5a5;--icon-bg-color:var(--color-content-secondary);\"><i class=\"fal fa-circle-notch\"><\/i><\/div><\/a><div class=\"w-iconbox-meta\"><h2 class=\"w-iconbox-title\" style=\"font-size:1.8rem;\"><a href=\"#fourth\" class=\"w-iconbox-link\" aria-label=\"Exclusive all-round service\">Exclusive all-round service<\/a><\/h2><div class=\"w-iconbox-text\"><p>From pick-up at the airport or train station to hotel arrangements and professional vehicle preparation, we ensure that everything runs smoothly.<\/p>\n<\/div><\/div><\/div><\/div><\/div><\/div><div class=\"w-separator size_medium\"><\/div><div class=\"w-image align_center\"><div class=\"w-image-h\"><img decoding=\"async\" width=\"530\" height=\"300\" src=\"https:\/\/www.xclusive-automobile.com\/wp-content\/uploads\/2026\/01\/xclusive-automobile-MB-silber.jpg\" class=\"attachment-full size-full\" alt=\"\" loading=\"lazy\" srcset=\"https:\/\/www.xclusive-automobile.com\/wp-content\/uploads\/2026\/01\/xclusive-automobile-MB-silber.jpg 530w, https:\/\/www.xclusive-automobile.com\/wp-content\/uploads\/2026\/01\/xclusive-automobile-MB-silber-300x170.jpg 300w\" sizes=\"auto, (max-width: 530px) 100vw, 530px\" \/><\/div><\/div><\/div><\/div><\/div><\/div><\/section><section class=\"l-section wpb_row height_auto\"><div class=\"l-section-overlay\" style=\"background:linear-gradient(180deg, rgba(0,0,0,.1) 0%,rgba(0,0,0,0) 30%)\"><\/div><div class=\"l-section-h i-cf\"><div class=\"g-cols vc_row via_grid cols_1 laptops-cols_inherit tablets-cols_inherit mobiles-cols_1 valign_top type_default stacking_default\"><div class=\"wpb_column vc_column_container\"><div class=\"vc_column-inner\"><div class=\"w-separator size_small\"><\/div><section class=\"l-section wpb_row height_custom\" id=\"kontaktzeile-alle\"><div class=\"l-section-h i-cf\"><div class=\"g-cols vc_row via_grid cols_3 laptops-cols_inherit tablets-cols_inherit mobiles-cols_1 valign_top type_default stacking_default\"><div class=\"wpb_column vc_column_container us_custom_f04fee19 us_animate_this\"><div class=\"vc_column-inner\"><div class=\"w-iconbox us_custom_ed806da4 iconpos_top style_outlined color_primary align_center no_text no_title\"><a href=\"tel:+498274691224\" class=\"w-iconbox-link\" aria-label=\"fas|phone\"><div class=\"w-iconbox-icon\" style=\"font-size:3rem;\"><i class=\"fas fa-phone\"><\/i><\/div><\/a><div class=\"w-iconbox-meta\"><\/div><\/div><div class=\"w-separator size_custom\" style=\"height:1.2rem\"><\/div><div class=\"wpb_text_column us_custom_c83cfdd0 has_text_color\"><div class=\"wpb_wrapper\"><p style=\"text-align: center;\"><a href=\"tel:+498274691224\"><strong style=\"color: #333333;\">Phone<\/strong><br \/>\n<span style=\"color: #666666;\"> +49 (0) 8274 691224<\/span><\/a><\/p>\n<\/div><\/div><\/div><\/div><div class=\"wpb_column vc_column_container us_custom_f04fee19 us_animate_this\"><div class=\"vc_column-inner\"><div class=\"w-iconbox iconpos_top style_outlined color_custom align_center no_text no_title\"><a target=\"_blank\" rel=\"nofollow\" href=\"mailto:info@xclusive-automobile.com?subject=Inquiry \u2013 Xclusive Automobile\" class=\"w-iconbox-link\" aria-label=\"fas|envelope\"><div class=\"w-iconbox-icon\" style=\"font-size:3rem;--icon-color:#a4a5a5;--icon-bg-color:var(--color-content-secondary);\"><i class=\"fas fa-envelope\"><\/i><\/div><\/a><div class=\"w-iconbox-meta\"><\/div><\/div><div class=\"w-separator size_custom\" style=\"height:1.2rem\"><\/div><div class=\"wpb_text_column us_custom_eae25897 has_text_color\"><div class=\"wpb_wrapper\"><p style=\"text-align: center;\"><a style=\"color: #333333;\" href=\"mailto:info@xclusive-automobile.com?subject=Inquiry%20\u2013%20Xclusive%20Automobile\" target=\"_blank\" rel=\"noopener\"><strong>E-Mail<\/strong><br \/>\n<span style=\"color: #666666;\">info@xclusive-automobile.com<\/span><\/a><\/p>\n<\/div><\/div><\/div><\/div><div class=\"wpb_column vc_column_container us_custom_f04fee19 kontaktzeile_alle us_animate_this\"><div class=\"vc_column-inner\"><div class=\"w-iconbox iconpos_top style_outlined color_custom align_center no_text no_title\"><a target=\"_blank\" title=\"Kontakt\" href=\"https:\/\/wa.me\/491708665727\" class=\"w-iconbox-link\" aria-label=\"fas|comment\"><div class=\"w-iconbox-icon\" style=\"font-size:3rem;--icon-color:#a4a5a5;--icon-bg-color:var(--color-content-secondary);\"><i class=\"fas fa-comment\"><\/i><\/div><\/a><div class=\"w-iconbox-meta\"><\/div><\/div><div class=\"w-separator us_custom_bb5d73e8 size_custom\" style=\"height:1.2rem\"><\/div><div class=\"wpb_text_column us_custom_eae25897 kontaktzeile-alle has_text_color\"><div class=\"wpb_wrapper\"><p style=\"text-align: center;\"><a href=\"https:\/\/wa.me\/491708665727\" target=\"_blank\" rel=\"noopener\"><strong style=\"color: #333333;\">Whatsapp<\/strong><br \/>\n<span style=\"color: #666666;\"> +49 (0) 170 8665727<\/span><\/a><\/p>\n<\/div><\/div><\/div><\/div><\/div><\/div><\/section>\n<\/div><\/div><\/div><\/div><\/section>\n","protected":false},"excerpt":{"rendered":"OUR SERVICE FOR YOU Experience comprehensive and personalised support for exclusive premium vehicles, modern classics and vintage cars. For many years, we have been assisting discerning customers in the UK and abroad with the purchase, sale and brokerage of high-quality automobiles. We attach great importance to transparent processes, expert advice and discreet handling. From the...","protected":false},"author":3,"featured_media":0,"parent":0,"menu_order":0,"comment_status":"closed","ping_status":"closed","template":"","meta":{"footnotes":""},"class_list":["post-10035","page","type-page","status-publish","hentry"],"yoast_head":"<!-- This site is optimized with the Yoast SEO plugin v27.4 - https:\/\/yoast.com\/product\/yoast-seo-wordpress\/ -->\n<title>SERVICE - Xclusive Automobile - Oldtimer, Youngtimer &amp; Collector Cars<\/title>\n<meta name=\"description\" content=\"Exklusive Premiumfahrzeuge, sowie sorgf\u00e4ltig ausgew\u00e4hlte Youngtimer und Oldtimer mit Historie Qualit\u00e4t und pers\u00f6nlichem Service.\" \/>\n<meta name=\"robots\" content=\"index, follow, max-snippet:-1, max-image-preview:large, max-video-preview:-1\" \/>\n<link rel=\"canonical\" href=\"https:\/\/www.xclusive-automobile.com\/en\/service\/\" \/>\n<meta property=\"og:locale\" content=\"en_US\" \/>\n<meta property=\"og:type\" content=\"article\" \/>\n<meta property=\"og:title\" content=\"SERVICE - Xclusive Automobile - Oldtimer, Youngtimer &amp; Collector Cars\" \/>\n<meta property=\"og:description\" content=\"Exklusive Premiumfahrzeuge, sowie sorgf\u00e4ltig ausgew\u00e4hlte Youngtimer und Oldtimer mit Historie Qualit\u00e4t und pers\u00f6nlichem Service.\" \/>\n<meta property=\"og:url\" content=\"https:\/\/www.xclusive-automobile.com\/en\/service\/\" \/>\n<meta property=\"og:site_name\" content=\"Xclusive Automobile - Oldtimer, Youngtimer &amp; Collector Cars\" \/>\n<meta property=\"article:modified_time\" content=\"2026-03-17T16:19:31+00:00\" \/>\n<meta name=\"twitter:card\" content=\"summary_large_image\" \/>\n<!-- \/ Yoast SEO plugin. -->","yoast_head_json":{"title":"SERVICE - Xclusive Automobile - Oldtimer, Youngtimer &amp; Collector Cars","description":"Exklusive Premiumfahrzeuge, sowie sorgf\u00e4ltig ausgew\u00e4hlte Youngtimer und Oldtimer mit Historie Qualit\u00e4t und pers\u00f6nlichem Service.","robots":{"index":"index","follow":"follow","max-snippet":"max-snippet:-1","max-image-preview":"max-image-preview:large","max-video-preview":"max-video-preview:-1"},"canonical":"https:\/\/www.xclusive-automobile.com\/en\/service\/","og_locale":"en_US","og_type":"article","og_title":"SERVICE - Xclusive Automobile - Oldtimer, Youngtimer &amp; Collector Cars","og_description":"Exklusive Premiumfahrzeuge, sowie sorgf\u00e4ltig ausgew\u00e4hlte Youngtimer und Oldtimer mit Historie Qualit\u00e4t und pers\u00f6nlichem Service.","og_url":"https:\/\/www.xclusive-automobile.com\/en\/service\/","og_site_name":"Xclusive Automobile - Oldtimer, Youngtimer &amp; Collector Cars","article_modified_time":"2026-03-17T16:19:31+00:00","twitter_card":"summary_large_image","schema":{"@context":"https:\/\/schema.org","@graph":[{"@type":"WebPage","@id":"https:\/\/www.xclusive-automobile.com\/en\/service\/","url":"https:\/\/www.xclusive-automobile.com\/en\/service\/","name":"SERVICE - Xclusive Automobile - Oldtimer, Youngtimer &amp; Collector Cars","isPartOf":{"@id":"https:\/\/www.xclusive-automobile.com\/en\/#website"},"datePublished":"2026-01-12T14:34:35+00:00","dateModified":"2026-03-17T16:19:31+00:00","description":"Exklusive Premiumfahrzeuge, sowie sorgf\u00e4ltig ausgew\u00e4hlte Youngtimer und Oldtimer mit Historie Qualit\u00e4t und pers\u00f6nlichem Service.","breadcrumb":{"@id":"https:\/\/www.xclusive-automobile.com\/en\/service\/#breadcrumb"},"inLanguage":"en-US","potentialAction":[{"@type":"ReadAction","target":["https:\/\/www.xclusive-automobile.com\/en\/service\/"]}]},{"@type":"BreadcrumbList","@id":"https:\/\/www.xclusive-automobile.com\/en\/service\/#breadcrumb","itemListElement":[{"@type":"ListItem","position":1,"name":"Start","item":"https:\/\/www.xclusive-automobile.com\/en\/"},{"@type":"ListItem","position":2,"name":"SERVICE"}]},{"@type":"WebSite","@id":"https:\/\/www.xclusive-automobile.com\/en\/#website","url":"https:\/\/www.xclusive-automobile.com\/en\/","name":"Xclusive Automobile - Oldtimer, Youngtimer & Collector Cars","description":"","publisher":{"@id":"https:\/\/www.xclusive-automobile.com\/en\/#organization"},"potentialAction":[{"@type":"SearchAction","target":{"@type":"EntryPoint","urlTemplate":"https:\/\/www.xclusive-automobile.com\/en\/?s={search_term_string}"},"query-input":{"@type":"PropertyValueSpecification","valueRequired":true,"valueName":"search_term_string"}}],"inLanguage":"en-US"},{"@type":"Organization","@id":"https:\/\/www.xclusive-automobile.com\/en\/#organization","name":"Xclusive Automobile","url":"https:\/\/www.xclusive-automobile.com\/en\/","logo":{"@type":"ImageObject","inLanguage":"en-US","@id":"https:\/\/www.xclusive-automobile.com\/en\/#\/schema\/logo\/image\/","url":"https:\/\/www.xclusive-automobile.com\/wp-content\/uploads\/2026\/01\/XCLUSIVE-AUTOMOBILE-LOGO-WEB.png","contentUrl":"https:\/\/www.xclusive-automobile.com\/wp-content\/uploads\/2026\/01\/XCLUSIVE-AUTOMOBILE-LOGO-WEB.png","width":1209,"height":614,"caption":"Xclusive Automobile"},"image":{"@id":"https:\/\/www.xclusive-automobile.com\/en\/#\/schema\/logo\/image\/"}}]}},"_links":{"self":[{"href":"https:\/\/www.xclusive-automobile.com\/en\/wp-json\/wp\/v2\/pages\/10035","targetHints":{"allow":["GET"]}}],"collection":[{"href":"https:\/\/www.xclusive-automobile.com\/en\/wp-json\/wp\/v2\/pages"}],"about":[{"href":"https:\/\/www.xclusive-automobile.com\/en\/wp-json\/wp\/v2\/types\/page"}],"author":[{"embeddable":true,"href":"https:\/\/www.xclusive-automobile.com\/en\/wp-json\/wp\/v2\/users\/3"}],"replies":[{"embeddable":true,"href":"https:\/\/www.xclusive-automobile.com\/en\/wp-json\/wp\/v2\/comments?post=10035"}],"version-history":[{"count":9,"href":"https:\/\/www.xclusive-automobile.com\/en\/wp-json\/wp\/v2\/pages\/10035\/revisions"}],"predecessor-version":[{"id":11858,"href":"https:\/\/www.xclusive-automobile.com\/en\/wp-json\/wp\/v2\/pages\/10035\/revisions\/11858"}],"wp:attachment":[{"href":"https:\/\/www.xclusive-automobile.com\/en\/wp-json\/wp\/v2\/media?parent=10035"}],"curies":[{"name":"wp","href":"https:\/\/api.w.org\/{rel}","templated":true}]}}