{"id":10049,"date":"2026-01-12T15:41:00","date_gmt":"2026-01-12T14:41:00","guid":{"rendered":"https:\/\/www.xclusive-automobile.com\/webshop\/"},"modified":"2026-01-19T10:18:33","modified_gmt":"2026-01-19T09:18:33","slug":"webshop","status":"publish","type":"page","link":"https:\/\/www.xclusive-automobile.com\/en\/webshop\/","title":{"rendered":"SHOP"},"content":{"rendered":"","protected":false},"excerpt":{"rendered":"","protected":false},"author":3,"featured_media":0,"parent":0,"menu_order":0,"comment_status":"closed","ping_status":"closed","template":"","meta":{"footnotes":""},"class_list":["post-10049","page","type-page","status-publish","hentry"],"yoast_head":"<!-- This site is optimized with the Yoast SEO plugin v27.4 - https:\/\/yoast.com\/product\/yoast-seo-wordpress\/ -->\n<title>SHOP - Xclusive Automobile - Oldtimer, Youngtimer &amp; Collector Cars<\/title>\n<meta name=\"description\" content=\"Exklusive Premiumfahrzeuge, sowie sorgf\u00e4ltig ausgew\u00e4hlte Youngtimer und Oldtimer mit Historie Qualit\u00e4t und pers\u00f6nlichem Service.\" \/>\n<meta name=\"robots\" content=\"index, follow, max-snippet:-1, max-image-preview:large, max-video-preview:-1\" \/>\n<link rel=\"canonical\" href=\"https:\/\/www.xclusive-automobile.com\/en\/webshop\/\" \/>\n<meta property=\"og:locale\" content=\"en_US\" \/>\n<meta property=\"og:type\" content=\"article\" \/>\n<meta property=\"og:title\" content=\"SHOP - Xclusive Automobile - Oldtimer, Youngtimer &amp; Collector Cars\" \/>\n<meta property=\"og:description\" content=\"Exklusive Premiumfahrzeuge, sowie sorgf\u00e4ltig ausgew\u00e4hlte Youngtimer und Oldtimer mit Historie Qualit\u00e4t und pers\u00f6nlichem Service.\" \/>\n<meta property=\"og:url\" content=\"https:\/\/www.xclusive-automobile.com\/en\/webshop\/\" \/>\n<meta property=\"og:site_name\" content=\"Xclusive Automobile - Oldtimer, Youngtimer &amp; Collector Cars\" \/>\n<meta property=\"article:modified_time\" content=\"2026-01-19T09:18:33+00:00\" \/>\n<meta name=\"twitter:card\" content=\"summary_large_image\" \/>\n<!-- \/ Yoast SEO plugin. -->","yoast_head_json":{"title":"SHOP - Xclusive Automobile - Oldtimer, Youngtimer &amp; Collector Cars","description":"Exklusive Premiumfahrzeuge, sowie sorgf\u00e4ltig ausgew\u00e4hlte Youngtimer und Oldtimer mit Historie Qualit\u00e4t und pers\u00f6nlichem Service.","robots":{"index":"index","follow":"follow","max-snippet":"max-snippet:-1","max-image-preview":"max-image-preview:large","max-video-preview":"max-video-preview:-1"},"canonical":"https:\/\/www.xclusive-automobile.com\/en\/webshop\/","og_locale":"en_US","og_type":"article","og_title":"SHOP - Xclusive Automobile - Oldtimer, Youngtimer &amp; Collector Cars","og_description":"Exklusive Premiumfahrzeuge, sowie sorgf\u00e4ltig ausgew\u00e4hlte Youngtimer und Oldtimer mit Historie Qualit\u00e4t und pers\u00f6nlichem Service.","og_url":"https:\/\/www.xclusive-automobile.com\/en\/webshop\/","og_site_name":"Xclusive Automobile - Oldtimer, Youngtimer &amp; Collector Cars","article_modified_time":"2026-01-19T09:18:33+00:00","twitter_card":"summary_large_image","schema":{"@context":"https:\/\/schema.org","@graph":[{"@type":"WebPage","@id":"https:\/\/www.xclusive-automobile.com\/en\/webshop\/","url":"https:\/\/www.xclusive-automobile.com\/en\/webshop\/","name":"SHOP - Xclusive Automobile - Oldtimer, Youngtimer &amp; Collector Cars","isPartOf":{"@id":"https:\/\/www.xclusive-automobile.com\/en\/#website"},"datePublished":"2026-01-12T14:41:00+00:00","dateModified":"2026-01-19T09:18:33+00:00","description":"Exklusive Premiumfahrzeuge, sowie sorgf\u00e4ltig ausgew\u00e4hlte Youngtimer und Oldtimer mit Historie Qualit\u00e4t und pers\u00f6nlichem Service.","breadcrumb":{"@id":"https:\/\/www.xclusive-automobile.com\/en\/webshop\/#breadcrumb"},"inLanguage":"en-US","potentialAction":[{"@type":"ReadAction","target":["https:\/\/www.xclusive-automobile.com\/en\/webshop\/"]}]},{"@type":"BreadcrumbList","@id":"https:\/\/www.xclusive-automobile.com\/en\/webshop\/#breadcrumb","itemListElement":[{"@type":"ListItem","position":1,"name":"Start","item":"https:\/\/www.xclusive-automobile.com\/en\/"},{"@type":"ListItem","position":2,"name":"SHOP"}]},{"@type":"WebSite","@id":"https:\/\/www.xclusive-automobile.com\/en\/#website","url":"https:\/\/www.xclusive-automobile.com\/en\/","name":"Xclusive Automobile - Oldtimer, Youngtimer & Collector Cars","description":"","publisher":{"@id":"https:\/\/www.xclusive-automobile.com\/en\/#organization"},"potentialAction":[{"@type":"SearchAction","target":{"@type":"EntryPoint","urlTemplate":"https:\/\/www.xclusive-automobile.com\/en\/?s={search_term_string}"},"query-input":{"@type":"PropertyValueSpecification","valueRequired":true,"valueName":"search_term_string"}}],"inLanguage":"en-US"},{"@type":"Organization","@id":"https:\/\/www.xclusive-automobile.com\/en\/#organization","name":"Xclusive Automobile","url":"https:\/\/www.xclusive-automobile.com\/en\/","logo":{"@type":"ImageObject","inLanguage":"en-US","@id":"https:\/\/www.xclusive-automobile.com\/en\/#\/schema\/logo\/image\/","url":"https:\/\/www.xclusive-automobile.com\/wp-content\/uploads\/2026\/01\/XCLUSIVE-AUTOMOBILE-LOGO-WEB.png","contentUrl":"https:\/\/www.xclusive-automobile.com\/wp-content\/uploads\/2026\/01\/XCLUSIVE-AUTOMOBILE-LOGO-WEB.png","width":1209,"height":614,"caption":"Xclusive Automobile"},"image":{"@id":"https:\/\/www.xclusive-automobile.com\/en\/#\/schema\/logo\/image\/"}}]}},"_links":{"self":[{"href":"https:\/\/www.xclusive-automobile.com\/en\/wp-json\/wp\/v2\/pages\/10049","targetHints":{"allow":["GET"]}}],"collection":[{"href":"https:\/\/www.xclusive-automobile.com\/en\/wp-json\/wp\/v2\/pages"}],"about":[{"href":"https:\/\/www.xclusive-automobile.com\/en\/wp-json\/wp\/v2\/types\/page"}],"author":[{"embeddable":true,"href":"https:\/\/www.xclusive-automobile.com\/en\/wp-json\/wp\/v2\/users\/3"}],"replies":[{"embeddable":true,"href":"https:\/\/www.xclusive-automobile.com\/en\/wp-json\/wp\/v2\/comments?post=10049"}],"version-history":[{"count":1,"href":"https:\/\/www.xclusive-automobile.com\/en\/wp-json\/wp\/v2\/pages\/10049\/revisions"}],"predecessor-version":[{"id":10050,"href":"https:\/\/www.xclusive-automobile.com\/en\/wp-json\/wp\/v2\/pages\/10049\/revisions\/10050"}],"wp:attachment":[{"href":"https:\/\/www.xclusive-automobile.com\/en\/wp-json\/wp\/v2\/media?parent=10049"}],"curies":[{"name":"wp","href":"https:\/\/api.w.org\/{rel}","templated":true}]}}