{"id":11791,"date":"2026-01-13T12:50:56","date_gmt":"2026-01-13T11:50:56","guid":{"rendered":"https:\/\/www.xclusive-automobile.com\/impressum\/"},"modified":"2026-03-16T10:38:31","modified_gmt":"2026-03-16T09:38:31","slug":"legal-notice","status":"publish","type":"page","link":"https:\/\/www.xclusive-automobile.com\/en\/legal-notice\/","title":{"rendered":"LEGAL NOTICE"},"content":{"rendered":"<section class=\"l-section wpb_row us_custom_d4bedd7f height_custom with_img\"><div class=\"l-section-img\" role=\"img\" aria-label=\"Image\" data-img-width=\"1920\" data-img-height=\"1280\" style=\"background-image: url(https:\/\/www.xclusive-automobile.com\/wp-content\/uploads\/2026\/03\/xclusive-automobile-stratos3-1920x1280-1.jpg);\"><\/div><div class=\"l-section-h i-cf\"><div class=\"g-cols vc_row via_grid cols_1 laptops-cols_inherit tablets-cols_inherit mobiles-cols_1 valign_middle type_default stacking_default\"><div class=\"wpb_column vc_column_container\"><div class=\"vc_column-inner\"><div class=\"g-cols wpb_row via_grid cols_1 laptops-cols_inherit tablets-cols_inherit mobiles-cols_1 valign_top type_default stacking_default\" style=\"--columns-gap:3rem;\"><div class=\"wpb_column vc_column_container\"><div class=\"vc_column-inner\"><div class=\"w-separator size_large\"><\/div><\/div><\/div><\/div><\/div><\/div><\/div><\/div><\/section><section class=\"l-section wpb_row us_custom_37236190 us_animate_this height_custom\" id=\"home-first\"><div class=\"l-section-overlay\" style=\"background:linear-gradient(0deg, rgba(0,0,0,.1) 0%,rgba(0,0,0,0) 30%)\"><\/div><div class=\"l-section-h i-cf\"><div class=\"g-cols vc_row via_grid cols_3 laptops-cols_inherit tablets-cols_inherit mobiles-cols_1 valign_top type_default stacking_default\"><div class=\"wpb_column vc_column_container\"><div class=\"vc_column-inner\"><\/div><\/div><div class=\"wpb_column vc_column_container\"><div class=\"vc_column-inner\"><h1 class=\"w-text us_custom_eb849559\"><span class=\"w-text-h\"><span class=\"w-text-value\">LEGAL NOTICE<\/span><\/span><\/h1><div class=\"w-separator size_medium with_line width_30 thick_4 style_solid color_border align_center\"><div class=\"w-separator-h\"><\/div><\/div><div class=\"wpb_text_column\"><div class=\"wpb_wrapper\"><p style=\"text-align: center;\"><strong>Karlheinz Retsch<\/strong><br \/>\nAm Mohnfeld 9<br \/>\nD-86647 Buttenwiesen<br \/>\nDistrict of Pfaffenhofen<\/p>\n<p style=\"text-align: center;\">Phone +49 (0) 8274 691224<br \/>\nFax +49 (0) 8274 691500<br \/>\n<a class=\"email\" href=\"mailto:info@xclusive-automobile.com\">info@xclusive-automobile.com<\/a><\/p>\n<p style=\"text-align: center;\">VAT ID NO.: DE245870968<\/p>\n<p style=\"text-align: center;\"><a href=\"https:\/\/www.xclusive-automobile.com\/wp-content\/uploads\/2026\/03\/XClusive_AGB_ENG.pdf\" target=\"_blank\" rel=\"noopener\"><strong>General Terms and Conditions<\/strong><\/a><\/p>\n<p style=\"text-align: center;\">Terms and Conditions Person responsible for the content of this website: Karlheinz Retsch<\/p>\n<p style=\"text-align: center;\"><strong>Image Credits<\/strong><br \/>\nOwn photography<br \/>\nwagner.visuelle gestaltung KG<\/p>\n<p style=\"text-align: center;\"><strong>Copyright<\/strong><br \/>\nThe content and structure of this website are protected by copyright law. Any reproduction of information or data, particularly the use of texts, text segments, or visual materials, requires our prior written consent.<\/p>\n<\/div><\/div><\/div><\/div><div class=\"wpb_column vc_column_container\"><div class=\"vc_column-inner\"><\/div><\/div><\/div><\/div><\/section><section class=\"l-section wpb_row height_auto\"><div class=\"l-section-overlay\" style=\"background:linear-gradient(360deg, rgba(0,0,0,.1) 0%,rgba(0,0,0,0) 30%)\"><\/div><div class=\"l-section-h i-cf\"><div class=\"g-cols vc_row via_grid cols_1 laptops-cols_inherit tablets-cols_inherit mobiles-cols_1 valign_top type_default stacking_default\"><div class=\"wpb_column vc_column_container\"><div class=\"vc_column-inner\"><div class=\"w-separator size_small\"><\/div><section class=\"l-section wpb_row height_custom\" id=\"kontaktzeile-alle\"><div class=\"l-section-h i-cf\"><div class=\"g-cols vc_row via_grid cols_3 laptops-cols_inherit tablets-cols_inherit mobiles-cols_1 valign_top type_default stacking_default\"><div class=\"wpb_column vc_column_container us_custom_f04fee19 us_animate_this\"><div class=\"vc_column-inner\"><div class=\"w-iconbox us_custom_ed806da4 iconpos_top style_outlined color_primary align_center no_text no_title\"><a href=\"tel:+498274691224\" class=\"w-iconbox-link\" aria-label=\"fas|phone\"><div class=\"w-iconbox-icon\" style=\"font-size:3rem;\"><i class=\"fas fa-phone\"><\/i><\/div><\/a><div class=\"w-iconbox-meta\"><\/div><\/div><div class=\"w-separator size_custom\" style=\"height:1.2rem\"><\/div><div class=\"wpb_text_column us_custom_c83cfdd0 has_text_color\"><div class=\"wpb_wrapper\"><p style=\"text-align: center;\"><a href=\"tel:+498274691224\"><strong style=\"color: #333333;\">Phone<\/strong><br \/>\n<span style=\"color: #666666;\"> +49 (0) 8274 691224<\/span><\/a><\/p>\n<\/div><\/div><\/div><\/div><div class=\"wpb_column vc_column_container us_custom_f04fee19 us_animate_this\"><div class=\"vc_column-inner\"><div class=\"w-iconbox iconpos_top style_outlined color_custom align_center no_text no_title\"><a target=\"_blank\" rel=\"nofollow\" href=\"mailto:info@xclusive-automobile.com?subject=Inquiry \u2013 Xclusive Automobile\" class=\"w-iconbox-link\" aria-label=\"fas|envelope\"><div class=\"w-iconbox-icon\" style=\"font-size:3rem;--icon-color:#a4a5a5;--icon-bg-color:var(--color-content-secondary);\"><i class=\"fas fa-envelope\"><\/i><\/div><\/a><div class=\"w-iconbox-meta\"><\/div><\/div><div class=\"w-separator size_custom\" style=\"height:1.2rem\"><\/div><div class=\"wpb_text_column us_custom_eae25897 has_text_color\"><div class=\"wpb_wrapper\"><p style=\"text-align: center;\"><a style=\"color: #333333;\" href=\"mailto:info@xclusive-automobile.com?subject=Inquiry%20\u2013%20Xclusive%20Automobile\" target=\"_blank\" rel=\"noopener\"><strong>E-Mail<\/strong><br \/>\n<span style=\"color: #666666;\">info@xclusive-automobile.com<\/span><\/a><\/p>\n<\/div><\/div><\/div><\/div><div class=\"wpb_column vc_column_container us_custom_f04fee19 kontaktzeile_alle us_animate_this\"><div class=\"vc_column-inner\"><div class=\"w-iconbox iconpos_top style_outlined color_custom align_center no_text no_title\"><a target=\"_blank\" title=\"Kontakt\" href=\"https:\/\/wa.me\/491708665727\" class=\"w-iconbox-link\" aria-label=\"fas|comment\"><div class=\"w-iconbox-icon\" style=\"font-size:3rem;--icon-color:#a4a5a5;--icon-bg-color:var(--color-content-secondary);\"><i class=\"fas fa-comment\"><\/i><\/div><\/a><div class=\"w-iconbox-meta\"><\/div><\/div><div class=\"w-separator us_custom_bb5d73e8 size_custom\" style=\"height:1.2rem\"><\/div><div class=\"wpb_text_column us_custom_eae25897 kontaktzeile-alle has_text_color\"><div class=\"wpb_wrapper\"><p style=\"text-align: center;\"><a href=\"https:\/\/wa.me\/491708665727\" target=\"_blank\" rel=\"noopener\"><strong style=\"color: #333333;\">Whatsapp<\/strong><br \/>\n<span style=\"color: #666666;\"> +49 (0) 170 8665727<\/span><\/a><\/p>\n<\/div><\/div><\/div><\/div><\/div><\/div><\/section>\n<\/div><\/div><\/div><\/div><\/section>\n","protected":false},"excerpt":{"rendered":"LEGAL NOTICEKarlheinz Retsch Am Mohnfeld 9 D-86647 Buttenwiesen District of Pfaffenhofen Phone +49 (0) 8274 691224 Fax +49 (0) 8274 691500 info@xclusive-automobile.com VAT ID NO.: DE245870968 General Terms and Conditions Terms and Conditions Person responsible for the content of this website: Karlheinz Retsch Image Credits Own photography wagner.visuelle gestaltung KG Copyright The content and structure...","protected":false},"author":4,"featured_media":0,"parent":0,"menu_order":0,"comment_status":"closed","ping_status":"closed","template":"","meta":{"footnotes":""},"class_list":["post-11791","page","type-page","status-publish","hentry"],"yoast_head":"<!-- This site is optimized with the Yoast SEO plugin v27.4 - https:\/\/yoast.com\/product\/yoast-seo-wordpress\/ -->\n<title>LEGAL NOTICE - Xclusive Automobile - Oldtimer, Youngtimer &amp; Collector Cars<\/title>\n<meta name=\"description\" content=\"Exklusive Premiumfahrzeuge, sowie sorgf\u00e4ltig ausgew\u00e4hlte Youngtimer und Oldtimer mit Historie Qualit\u00e4t und pers\u00f6nlichem Service.\" \/>\n<meta name=\"robots\" content=\"index, follow, max-snippet:-1, max-image-preview:large, max-video-preview:-1\" \/>\n<link rel=\"canonical\" href=\"https:\/\/www.xclusive-automobile.com\/en\/legal-notice\/\" \/>\n<meta property=\"og:locale\" content=\"en_US\" \/>\n<meta property=\"og:type\" content=\"article\" \/>\n<meta property=\"og:title\" content=\"LEGAL NOTICE - Xclusive Automobile - Oldtimer, Youngtimer &amp; Collector Cars\" \/>\n<meta property=\"og:description\" content=\"Exklusive Premiumfahrzeuge, sowie sorgf\u00e4ltig ausgew\u00e4hlte Youngtimer und Oldtimer mit Historie Qualit\u00e4t und pers\u00f6nlichem Service.\" \/>\n<meta property=\"og:url\" content=\"https:\/\/www.xclusive-automobile.com\/en\/legal-notice\/\" \/>\n<meta property=\"og:site_name\" content=\"Xclusive Automobile - Oldtimer, Youngtimer &amp; Collector Cars\" \/>\n<meta property=\"article:modified_time\" content=\"2026-03-16T09:38:31+00:00\" \/>\n<meta name=\"twitter:card\" content=\"summary_large_image\" \/>\n<!-- \/ Yoast SEO plugin. -->","yoast_head_json":{"title":"LEGAL NOTICE - Xclusive Automobile - Oldtimer, Youngtimer &amp; Collector Cars","description":"Exklusive Premiumfahrzeuge, sowie sorgf\u00e4ltig ausgew\u00e4hlte Youngtimer und Oldtimer mit Historie Qualit\u00e4t und pers\u00f6nlichem Service.","robots":{"index":"index","follow":"follow","max-snippet":"max-snippet:-1","max-image-preview":"max-image-preview:large","max-video-preview":"max-video-preview:-1"},"canonical":"https:\/\/www.xclusive-automobile.com\/en\/legal-notice\/","og_locale":"en_US","og_type":"article","og_title":"LEGAL NOTICE - Xclusive Automobile - Oldtimer, Youngtimer &amp; Collector Cars","og_description":"Exklusive Premiumfahrzeuge, sowie sorgf\u00e4ltig ausgew\u00e4hlte Youngtimer und Oldtimer mit Historie Qualit\u00e4t und pers\u00f6nlichem Service.","og_url":"https:\/\/www.xclusive-automobile.com\/en\/legal-notice\/","og_site_name":"Xclusive Automobile - Oldtimer, Youngtimer &amp; Collector Cars","article_modified_time":"2026-03-16T09:38:31+00:00","twitter_card":"summary_large_image","schema":{"@context":"https:\/\/schema.org","@graph":[{"@type":"WebPage","@id":"https:\/\/www.xclusive-automobile.com\/en\/legal-notice\/","url":"https:\/\/www.xclusive-automobile.com\/en\/legal-notice\/","name":"LEGAL NOTICE - Xclusive Automobile - Oldtimer, Youngtimer &amp; Collector Cars","isPartOf":{"@id":"https:\/\/www.xclusive-automobile.com\/en\/#website"},"datePublished":"2026-01-13T11:50:56+00:00","dateModified":"2026-03-16T09:38:31+00:00","description":"Exklusive Premiumfahrzeuge, sowie sorgf\u00e4ltig ausgew\u00e4hlte Youngtimer und Oldtimer mit Historie Qualit\u00e4t und pers\u00f6nlichem Service.","breadcrumb":{"@id":"https:\/\/www.xclusive-automobile.com\/en\/legal-notice\/#breadcrumb"},"inLanguage":"en-US","potentialAction":[{"@type":"ReadAction","target":["https:\/\/www.xclusive-automobile.com\/en\/legal-notice\/"]}]},{"@type":"BreadcrumbList","@id":"https:\/\/www.xclusive-automobile.com\/en\/legal-notice\/#breadcrumb","itemListElement":[{"@type":"ListItem","position":1,"name":"Start","item":"https:\/\/www.xclusive-automobile.com\/en\/"},{"@type":"ListItem","position":2,"name":"LEGAL NOTICE"}]},{"@type":"WebSite","@id":"https:\/\/www.xclusive-automobile.com\/en\/#website","url":"https:\/\/www.xclusive-automobile.com\/en\/","name":"Xclusive Automobile - Oldtimer, Youngtimer & Collector Cars","description":"","publisher":{"@id":"https:\/\/www.xclusive-automobile.com\/en\/#organization"},"potentialAction":[{"@type":"SearchAction","target":{"@type":"EntryPoint","urlTemplate":"https:\/\/www.xclusive-automobile.com\/en\/?s={search_term_string}"},"query-input":{"@type":"PropertyValueSpecification","valueRequired":true,"valueName":"search_term_string"}}],"inLanguage":"en-US"},{"@type":"Organization","@id":"https:\/\/www.xclusive-automobile.com\/en\/#organization","name":"Xclusive Automobile","url":"https:\/\/www.xclusive-automobile.com\/en\/","logo":{"@type":"ImageObject","inLanguage":"en-US","@id":"https:\/\/www.xclusive-automobile.com\/en\/#\/schema\/logo\/image\/","url":"https:\/\/www.xclusive-automobile.com\/wp-content\/uploads\/2026\/01\/XCLUSIVE-AUTOMOBILE-LOGO-WEB.png","contentUrl":"https:\/\/www.xclusive-automobile.com\/wp-content\/uploads\/2026\/01\/XCLUSIVE-AUTOMOBILE-LOGO-WEB.png","width":1209,"height":614,"caption":"Xclusive Automobile"},"image":{"@id":"https:\/\/www.xclusive-automobile.com\/en\/#\/schema\/logo\/image\/"}}]}},"_links":{"self":[{"href":"https:\/\/www.xclusive-automobile.com\/en\/wp-json\/wp\/v2\/pages\/11791","targetHints":{"allow":["GET"]}}],"collection":[{"href":"https:\/\/www.xclusive-automobile.com\/en\/wp-json\/wp\/v2\/pages"}],"about":[{"href":"https:\/\/www.xclusive-automobile.com\/en\/wp-json\/wp\/v2\/types\/page"}],"author":[{"embeddable":true,"href":"https:\/\/www.xclusive-automobile.com\/en\/wp-json\/wp\/v2\/users\/4"}],"replies":[{"embeddable":true,"href":"https:\/\/www.xclusive-automobile.com\/en\/wp-json\/wp\/v2\/comments?post=11791"}],"version-history":[{"count":3,"href":"https:\/\/www.xclusive-automobile.com\/en\/wp-json\/wp\/v2\/pages\/11791\/revisions"}],"predecessor-version":[{"id":11794,"href":"https:\/\/www.xclusive-automobile.com\/en\/wp-json\/wp\/v2\/pages\/11791\/revisions\/11794"}],"wp:attachment":[{"href":"https:\/\/www.xclusive-automobile.com\/en\/wp-json\/wp\/v2\/media?parent=11791"}],"curies":[{"name":"wp","href":"https:\/\/api.w.org\/{rel}","templated":true}]}}